{"id":3487,"date":"2022-07-27T15:10:43","date_gmt":"2022-07-27T15:10:43","guid":{"rendered":"https:\/\/digitalnidvojcek.si\/o\/"},"modified":"2026-03-20T20:52:02","modified_gmt":"2026-03-20T20:52:02","slug":"o-projektu","status":"publish","type":"page","link":"https:\/\/digitalnidvojcek.si\/sl\/o-projektu\/","title":{"rendered":"O projektu"},"content":{"rendered":"<p><div class=\"fusion-fullwidth fullwidth-box fusion-builder-row-1 fusion-flex-container has-pattern-background has-mask-background nonhundred-percent-fullwidth non-hundred-percent-height-scrolling\" style=\"--awb-border-radius-top-left:0px;--awb-border-radius-top-right:0px;--awb-border-radius-bottom-right:0px;--awb-border-radius-bottom-left:0px;--awb-padding-bottom:0px;--awb-margin-top:40px;--awb-margin-bottom:0px;--awb-flex-wrap:wrap;\" ><div class=\"fusion-builder-row fusion-row fusion-flex-align-items-flex-start fusion-flex-content-wrap\" style=\"max-width:1248px;margin-left: calc(-4% \/ 2 );margin-right: calc(-4% \/ 2 );\"><div class=\"fusion-layout-column fusion_builder_column fusion-builder-column-0 fusion_builder_column_1_1 1_1 fusion-flex-column\" style=\"--awb-bg-size:cover;--awb-width-large:100%;--awb-margin-top-large:0px;--awb-spacing-right-large:1.92%;--awb-margin-bottom-large:0px;--awb-spacing-left-large:1.92%;--awb-width-medium:100%;--awb-order-medium:0;--awb-spacing-right-medium:1.92%;--awb-spacing-left-medium:1.92%;--awb-width-small:100%;--awb-order-small:0;--awb-spacing-right-small:1.92%;--awb-spacing-left-small:1.92%;\" data-scroll-devices=\"small-visibility,medium-visibility,large-visibility\"><div class=\"fusion-column-wrapper fusion-column-has-shadow fusion-flex-justify-content-flex-start fusion-content-layout-column\"><div class=\"fusion-title title fusion-title-1 fusion-sep-none fusion-title-text fusion-title-size-three\"><h3 class=\"fusion-title-heading title-heading-left\" style=\"margin:0;\"><h3>Digitalni dvoj\u010dek za Slovenijo<br \/>Osnovni predhodnik &amp; aplikacije<\/h3><\/h3><\/div><div class=\"fusion-text fusion-text-1\"><p>Digitalni dvoj\u010dek za Slovenijo (DTSI-P) zagotavlja osnovno platformo predhodnika digitalnega dvoj\u010dka in portfelj demonstracijskih aplikacij, ki napredne geoprostorske podatke in analitiko pretvarjajo v vpoglede, pripravljene za odlo\u010danje. Projekt se osredoto\u010da na vodne vire in obvladovanje tveganj nesre\u010d, zlasti poplav in zemeljskih plazov, hkrati pa podpira prilagajanje podnebnim spremembam in zeleni prehod z integriranimi storitvami, ki temeljijo na podatkih. <\/p>\n<p>Klju\u010dna prioriteta za jedro DTSI-P in aplikacije DTSI-P je visokokakovostna predstavitev rezultatov v obliki interaktivnih zgodb in scenarijev, kar zagotavlja, da rezultati niso omejeni na tehni\u010dna poro\u010dila, temve\u010d postanejo intuitivne, raziskovalne pripovedi. Te pripovedi omogo\u010dajo dele\u017enikom razumevanje vplivov, primerjavo mo\u017enosti in preizku\u0161anje scenarijev \u201ekaj-\u010de\u201c v prostoru in \u010dasu. <\/p>\n<\/div><\/div><\/div><\/div><\/div><div class=\"fusion-fullwidth fullwidth-box fusion-builder-row-2 fusion-flex-container has-pattern-background has-mask-background nonhundred-percent-fullwidth non-hundred-percent-height-scrolling\" style=\"--awb-border-radius-top-left:0px;--awb-border-radius-top-right:0px;--awb-border-radius-bottom-right:0px;--awb-border-radius-bottom-left:0px;--awb-padding-bottom:0px;--awb-margin-bottom:0px;--awb-flex-wrap:wrap;\" ><div class=\"fusion-builder-row fusion-row fusion-flex-align-items-flex-start fusion-flex-content-wrap\" style=\"max-width:1248px;margin-left: calc(-4% \/ 2 );margin-right: calc(-4% \/ 2 );\"><div class=\"fusion-layout-column fusion_builder_column fusion-builder-column-1 fusion_builder_column_1_1 1_1 fusion-flex-column\" style=\"--awb-padding-top:0px;--awb-padding-bottom:0px;--awb-bg-size:cover;--awb-width-large:100%;--awb-margin-top-large:0px;--awb-spacing-right-large:1.92%;--awb-margin-bottom-large:0px;--awb-spacing-left-large:1.92%;--awb-width-medium:100%;--awb-order-medium:0;--awb-spacing-right-medium:1.92%;--awb-spacing-left-medium:1.92%;--awb-width-small:100%;--awb-order-small:0;--awb-spacing-right-small:1.92%;--awb-spacing-left-small:1.92%;\" data-scroll-devices=\"small-visibility,medium-visibility,large-visibility\"><div class=\"fusion-column-wrapper fusion-column-has-shadow fusion-flex-justify-content-flex-start fusion-content-layout-column\"><div class=\"fusion-title title fusion-title-2 fusion-sep-none fusion-title-text fusion-title-size-three\" style=\"--awb-margin-top:0px;--awb-margin-bottom:0px;\"><h3 class=\"fusion-title-heading title-heading-left\" style=\"margin:0;\"><h3>DTSI-P Core \u2013 platforma Digital Twin Precursor<\/h3><\/h3><\/div><div class=\"fusion-text fusion-text-2\"><p>DTSI-P Core zagotavlja federirano, raz\u0161irljivo osnovo za:<\/p>\n<\/div><ul style=\"--awb-margin-top:-10px;--awb-item-padding-right:20px;--awb-item-padding-left:15px;--awb-odd-row-bgcolor:hsla(var(--awb-color1-h),var(--awb-color1-s),var(--awb-color1-l),calc(var(--awb-color1-a) - 50%));--awb-iconcolor:var(--awb-color4);--awb-line-height:27.2px;--awb-icon-width:27.2px;--awb-icon-height:27.2px;--awb-icon-margin:11.2px;--awb-content-margin:38.4px;\" class=\"fusion-checklist fusion-checklist-1 type-icons\"><li class=\"fusion-li-item\" style=\"\"><span class=\"icon-wrapper circle-no\"><i class=\"fusion-li-icon corporation-check\" aria-hidden=\"true\"><\/i><\/span><div class=\"fusion-li-item-content\">\n<p>integracijo EO in ne-EO podatkov (satelitski, in situ, IoT\/operativni viri, izhodi modelov),<\/p>\n<\/div><\/li><li class=\"fusion-li-item\" style=\"\"><span class=\"icon-wrapper circle-no\"><i class=\"fusion-li-icon corporation-check\" aria-hidden=\"true\"><\/i><\/span><div class=\"fusion-li-item-content\">\n<p>infrastrukturo podatkovnega repozitorija in API-je za dostop, ponovno uporabo in interoperabilnost,<\/p>\n<\/div><\/li><li class=\"fusion-li-item\" style=\"\"><span class=\"icon-wrapper circle-no\"><i class=\"fusion-li-icon corporation-check\" aria-hidden=\"true\"><\/i><\/span><div class=\"fusion-li-item-content\">\n<p>upravljanje podatkov in vizualizacijo za podporo analitiki, modeliranju in simulacijam,<\/p>\n<\/div><\/li><li class=\"fusion-li-item\" style=\"\"><span class=\"icon-wrapper circle-no\"><i class=\"fusion-li-icon corporation-check\" aria-hidden=\"true\"><\/i><\/span><div class=\"fusion-li-item-content\">\n<p>integracijo z evropskimi storitvami in ekosistemi (npr. DestinE, Geohazards TEP, CDSE),<\/p>\n<\/div><\/li><li class=\"fusion-li-item\" style=\"\"><span class=\"icon-wrapper circle-no\"><i class=\"fusion-li-icon corporation-check\" aria-hidden=\"true\"><\/i><\/span><div class=\"fusion-li-item-content\">\n<p>odprte komponente, temelje\u010de na standardih, za zagotavljanje dolgoro\u010dne trajnosti in raz\u0161irljivosti.<\/p>\n<\/div><\/li><\/ul><\/div><\/div><\/div><\/div><div class=\"fusion-fullwidth fullwidth-box fusion-builder-row-3 fusion-flex-container has-pattern-background has-mask-background nonhundred-percent-fullwidth non-hundred-percent-height-scrolling\" style=\"--awb-border-radius-top-left:0px;--awb-border-radius-top-right:0px;--awb-border-radius-bottom-right:0px;--awb-border-radius-bottom-left:0px;--awb-padding-bottom:40px;--awb-margin-bottom:0px;--awb-flex-wrap:wrap;\" ><div class=\"fusion-builder-row fusion-row fusion-flex-align-items-flex-start fusion-flex-content-wrap\" style=\"max-width:1248px;margin-left: calc(-4% \/ 2 );margin-right: calc(-4% \/ 2 );\"><div class=\"fusion-layout-column fusion_builder_column fusion-builder-column-2 fusion_builder_column_1_1 1_1 fusion-flex-column\" style=\"--awb-bg-size:cover;--awb-width-large:100%;--awb-margin-top-large:0px;--awb-spacing-right-large:1.92%;--awb-margin-bottom-large:0px;--awb-spacing-left-large:1.92%;--awb-width-medium:100%;--awb-order-medium:0;--awb-spacing-right-medium:1.92%;--awb-spacing-left-medium:1.92%;--awb-width-small:100%;--awb-order-small:0;--awb-spacing-right-small:1.92%;--awb-spacing-left-small:1.92%;\" data-scroll-devices=\"small-visibility,medium-visibility,large-visibility\"><div class=\"fusion-column-wrapper fusion-column-has-shadow fusion-flex-justify-content-flex-start fusion-content-layout-column\"><div class=\"fusion-title title fusion-title-3 fusion-sep-none fusion-title-text fusion-title-size-three\" style=\"--awb-margin-bottom:0px;\"><h3 class=\"fusion-title-heading title-heading-left\" style=\"margin:0;\"><h4>DTSI-P Apps \u2013 interaktivne zgodbe in demonstratorji scenarijev<\/h4><\/h3><\/div><div class=\"fusion-text fusion-text-3 fusion-text-no-margin\"><p>DTSI-P Apps prikazujejo zmogljivosti jedra prek konkretnih, na uporabnika usmerjenih aplikacij, ki temeljijo na interaktivnem pripovedovanju. Te aplikacije uporabnikom omogo\u010dajo raziskovanje: <\/p>\n<\/div><ul style=\"--awb-margin-bottom:25px;--awb-item-padding-right:20px;--awb-item-padding-left:15px;--awb-odd-row-bgcolor:hsla(var(--awb-color1-h),var(--awb-color1-s),var(--awb-color1-l),calc(var(--awb-color1-a) - 50%));--awb-iconcolor:var(--awb-color4);--awb-line-height:27.2px;--awb-icon-width:27.2px;--awb-icon-height:27.2px;--awb-icon-margin:11.2px;--awb-content-margin:38.4px;\" class=\"fusion-checklist fusion-checklist-2 type-icons\"><li class=\"fusion-li-item\" style=\"\"><span class=\"icon-wrapper circle-no\"><i class=\"fusion-li-icon corporation-check\" aria-hidden=\"true\"><\/i><\/span><div class=\"fusion-li-item-content\">\n<p>scenarijev poplavnega tveganja in odziva (hidrolo\u0161ke razmere, vodostaji rek in jezer, vplivi na rabo prostora in infrastrukturo),<\/p>\n<\/div><\/li><li class=\"fusion-li-item\" style=\"\"><span class=\"icon-wrapper circle-no\"><i class=\"fusion-li-icon corporation-check\" aria-hidden=\"true\"><\/i><\/span><div class=\"fusion-li-item-content\">\n<p>scenarijev tveganja poplav in zemeljskih plazov ter ubla\u017eitve (situacijska seznanjenost, kratkoro\u010dne napovedi vplivov, mo\u017enosti zmanj\u0161anja tveganj),<\/p>\n<\/div><\/li><li class=\"fusion-li-item\" style=\"\"><span class=\"icon-wrapper circle-no\"><i class=\"fusion-li-icon corporation-check\" aria-hidden=\"true\"><\/i><\/span><div class=\"fusion-li-item-content\">\n<p>scenarijev podnebnega prilagajanja in zelenega prehoda (dokazi za na\u010drtovanje, ukrepi odpornosti, optimizacija infrastrukture).<\/p>\n<\/div><\/li><\/ul><div class=\"fusion-text fusion-text-4\"><p>Vsaka aplikacija je zasnovana tako, da kompleksno analitiko pretvori v jasne pripovedi z interaktivnim raziskovanjem \u2013 preklapljanje slojev, \u010dasovni drsniki, primerjava scenarijev in prikazi vplivov \u2013 ter tako podpira civilno za\u0161\u010dito, javne organe, na\u010drtovalce in podro\u010dne strokovnjake.<\/p>\n<\/div><\/div><\/div><\/div><\/div><\/p>\n","protected":false},"excerpt":{"rendered":"","protected":false},"author":1,"featured_media":3247,"parent":0,"menu_order":0,"comment_status":"closed","ping_status":"closed","template":"100-width.php","meta":{"footnotes":""},"class_list":["post-3487","page","type-page","status-publish","has-post-thumbnail","hentry"],"_links":{"self":[{"href":"https:\/\/digitalnidvojcek.si\/sl\/wp-json\/wp\/v2\/pages\/3487","targetHints":{"allow":["GET"]}}],"collection":[{"href":"https:\/\/digitalnidvojcek.si\/sl\/wp-json\/wp\/v2\/pages"}],"about":[{"href":"https:\/\/digitalnidvojcek.si\/sl\/wp-json\/wp\/v2\/types\/page"}],"author":[{"embeddable":true,"href":"https:\/\/digitalnidvojcek.si\/sl\/wp-json\/wp\/v2\/users\/1"}],"replies":[{"embeddable":true,"href":"https:\/\/digitalnidvojcek.si\/sl\/wp-json\/wp\/v2\/comments?post=3487"}],"version-history":[{"count":11,"href":"https:\/\/digitalnidvojcek.si\/sl\/wp-json\/wp\/v2\/pages\/3487\/revisions"}],"predecessor-version":[{"id":4283,"href":"https:\/\/digitalnidvojcek.si\/sl\/wp-json\/wp\/v2\/pages\/3487\/revisions\/4283"}],"wp:featuredmedia":[{"embeddable":true,"href":"https:\/\/digitalnidvojcek.si\/sl\/wp-json\/wp\/v2\/media\/3247"}],"wp:attachment":[{"href":"https:\/\/digitalnidvojcek.si\/sl\/wp-json\/wp\/v2\/media?parent=3487"}],"curies":[{"name":"wp","href":"https:\/\/api.w.org\/{rel}","templated":true}]}}